{"id":668,"date":"2020-03-25T11:57:22","date_gmt":"2020-03-25T10:57:22","guid":{"rendered":"http:\/\/www.tsg-sport.de\/?page_id=668"},"modified":"2021-08-06T00:52:43","modified_gmt":"2021-08-05T22:52:43","slug":"%ef%bb%bfabsage-2-tsg-tuniberglauf","status":"publish","type":"page","link":"https:\/\/www.tsg-sport.de\/?page_id=668","title":{"rendered":"\ufeff2020 ABSAGE 2. TSG Tuniberglauf"},"content":{"rendered":"\n<p><a href=\"https:\/\/sozialministerium.baden-wuerttemberg.de\/de\/service\/presse\/meldung\/pid\/landesregierung-verschaerft-infektionsschuetzende-massnahmen\/\">Aufgrund\nder Verordnung der Landesregierung \u00fcber infektionssch\u00fctzende Ma\u00dfnahmen gegen\ndie Ausbreitung des Virus SARS-Cov-2 (Corona-Verordnung \u2013 <\/a><a href=\"https:\/\/sozialministerium.baden-wuerttemberg.de\/de\/service\/presse\/meldung\/pid\/landesregierung-verschaerft-infektionsschuetzende-massnahmen\/\">CoronaVO<\/a><a href=\"https:\/\/sozialministerium.baden-wuerttemberg.de\/de\/service\/presse\/meldung\/pid\/landesregierung-verschaerft-infektionsschuetzende-massnahmen\/\">)\nvom 17.03.2020 sind zun\u00e4chst bis zum 15.06.2020 Veranstaltungen untersagt.<\/a><\/p>\n\n\n\n<p><strong>Aufgrund\n<\/strong><strong>dieser\nVerordnung kann der TSG <\/strong><strong>Tuniberglauf<\/strong><strong> am\n3.&nbsp;Mai&nbsp;nicht stattfinden.<\/strong><\/p>\n\n\n\n<p>Wir bedauern die Absage sehr.\nJedoch hat in der aktuellen Situation die Gesundheit und das Wohlbefinden der\nBev\u00f6lkerung Vorrang. Wir wollen niemanden&nbsp;der Gef\u00e4hrdung einer Infektion\naussetzen, daf\u00fcr tragen wir als Veranstalter die Verantwortung.<\/p>\n\n\n\n<p>Aktuell pr\u00fcfen wir das weitere\nVorgehen, wie z.B. ob eine Verschiebung in den Herbst eine M\u00f6glichkeit sein\nk\u00f6nnte. Des weiteren pr\u00fcfen wir derzeit mit MyRaceResult die R\u00fcckzahlungsmodalit\u00e4ten und\n\u00fcberweisen Ihnen&nbsp;schnellstm\u00f6glich den Betrag im vollen Umfang zur\u00fcck.<\/p>\n\n\n\n<p>Wir werden uns zu gegebener Zeit\nmit euch pers\u00f6nlich in Verbindung setzen.<\/p>\n\n\n\n<p>Aktuell bleibt uns nur Euch zu w\u00fcnschen,\ndass Ihr alle gesund bleibt.<\/p>\n\n\n\n<p>Ihr TSG\nWaltershofen<\/p>\n\n\n\n<p><strong><br><\/strong><\/p>\n","protected":false},"excerpt":{"rendered":"<p>Aufgrund der Verordnung der Landesregierung \u00fcber infektionssch\u00fctzende Ma\u00dfnahmen gegen die Ausbreitung des Virus SARS-Cov-2 (Corona-Verordnung \u2013 CoronaVO) vom 17.03.2020 sind zun\u00e4chst bis zum 15.06.2020 Veranstaltungen untersagt. Aufgrund dieser Verordnung kann der TSG Tuniberglauf am 3.&nbsp;Mai&nbsp;nicht stattfinden. Wir bedauern die Absage sehr. Jedoch hat in der aktuellen Situation die Gesundheit und das Wohlbefinden der Bev\u00f6lkerung Vorrang. &hellip; <a href=\"https:\/\/www.tsg-sport.de\/?page_id=668\" class=\"more-link\"><span class=\"screen-reader-text\">\ufeff2020 ABSAGE 2. TSG Tuniberglauf<\/span> weiterlesen<\/a><\/p>\n","protected":false},"author":1,"featured_media":0,"parent":0,"menu_order":0,"comment_status":"closed","ping_status":"closed","template":"","meta":{"footnotes":""},"class_list":["post-668","page","type-page","status-publish","hentry"],"_links":{"self":[{"href":"https:\/\/www.tsg-sport.de\/index.php?rest_route=\/wp\/v2\/pages\/668","targetHints":{"allow":["GET"]}}],"collection":[{"href":"https:\/\/www.tsg-sport.de\/index.php?rest_route=\/wp\/v2\/pages"}],"about":[{"href":"https:\/\/www.tsg-sport.de\/index.php?rest_route=\/wp\/v2\/types\/page"}],"author":[{"embeddable":true,"href":"https:\/\/www.tsg-sport.de\/index.php?rest_route=\/wp\/v2\/users\/1"}],"replies":[{"embeddable":true,"href":"https:\/\/www.tsg-sport.de\/index.php?rest_route=%2Fwp%2Fv2%2Fcomments&post=668"}],"version-history":[{"count":2,"href":"https:\/\/www.tsg-sport.de\/index.php?rest_route=\/wp\/v2\/pages\/668\/revisions"}],"predecessor-version":[{"id":677,"href":"https:\/\/www.tsg-sport.de\/index.php?rest_route=\/wp\/v2\/pages\/668\/revisions\/677"}],"wp:attachment":[{"href":"https:\/\/www.tsg-sport.de\/index.php?rest_route=%2Fwp%2Fv2%2Fmedia&parent=668"}],"curies":[{"name":"wp","href":"https:\/\/api.w.org\/{rel}","templated":true}]}}