{"id":18,"date":"2015-07-17T12:45:45","date_gmt":"2015-07-17T10:45:45","guid":{"rendered":"http:\/\/tsg-sport.de\/WP\/?page_id=18"},"modified":"2024-04-15T22:23:11","modified_gmt":"2024-04-15T20:23:11","slug":"kinderturnen","status":"publish","type":"page","link":"https:\/\/www.tsg-sport.de\/?page_id=18","title":{"rendered":"Kinderturnen"},"content":{"rendered":"<p>Dienstag 14:15 &#8211; 15:15 Uhr<br \/>\nKinderturnen Schulanf\u00e4nger &amp; 5 J\u00e4hrige<\/p>\n<p>Dienstag 15:15 &#8211; 16:15 Uhr<br \/>\nKinderturnen f\u00fcr 3 &#8211; 4 J\u00e4hrige<\/p>\n<p>Dienstag 16:15 &#8211; 17:15 Uhr<br \/>\n<span style=\"font-size: revert;\">Kinderturnen f\u00fcr 4 J\u00e4hrige<\/span><\/p>\n<p>\u00dcbungsleiterin: Julia K\u00f6nig<\/p>\n","protected":false},"excerpt":{"rendered":"<p>Dienstag 14:15 &#8211; 15:15 Uhr Kinderturnen Schulanf\u00e4nger &amp; 5 J\u00e4hrige Dienstag 15:15 &#8211; 16:15 Uhr Kinderturnen f\u00fcr 3 &#8211; 4 J\u00e4hrige Dienstag 16:15 &#8211; 17:15 Uhr Kinderturnen f\u00fcr 4 J\u00e4hrige \u00dcbungsleiterin: Julia K\u00f6nig<\/p>\n","protected":false},"author":1,"featured_media":0,"parent":0,"menu_order":0,"comment_status":"closed","ping_status":"open","template":"","meta":{"footnotes":""},"class_list":["post-18","page","type-page","status-publish","hentry"],"_links":{"self":[{"href":"https:\/\/www.tsg-sport.de\/index.php?rest_route=\/wp\/v2\/pages\/18","targetHints":{"allow":["GET"]}}],"collection":[{"href":"https:\/\/www.tsg-sport.de\/index.php?rest_route=\/wp\/v2\/pages"}],"about":[{"href":"https:\/\/www.tsg-sport.de\/index.php?rest_route=\/wp\/v2\/types\/page"}],"author":[{"embeddable":true,"href":"https:\/\/www.tsg-sport.de\/index.php?rest_route=\/wp\/v2\/users\/1"}],"replies":[{"embeddable":true,"href":"https:\/\/www.tsg-sport.de\/index.php?rest_route=%2Fwp%2Fv2%2Fcomments&post=18"}],"version-history":[{"count":7,"href":"https:\/\/www.tsg-sport.de\/index.php?rest_route=\/wp\/v2\/pages\/18\/revisions"}],"predecessor-version":[{"id":766,"href":"https:\/\/www.tsg-sport.de\/index.php?rest_route=\/wp\/v2\/pages\/18\/revisions\/766"}],"wp:attachment":[{"href":"https:\/\/www.tsg-sport.de\/index.php?rest_route=%2Fwp%2Fv2%2Fmedia&parent=18"}],"curies":[{"name":"wp","href":"https:\/\/api.w.org\/{rel}","templated":true}]}}